{"id":23,"date":"2024-01-28T15:43:21","date_gmt":"2024-01-28T14:43:21","guid":{"rendered":"https:\/\/sauce-gribouillis.com\/?page_id=23"},"modified":"2024-01-31T13:45:35","modified_gmt":"2024-01-31T12:45:35","slug":"contact","status":"publish","type":"page","link":"https:\/\/sauce-gribouillis.com\/index.php\/contact\/","title":{"rendered":"Contact"},"content":{"rendered":"\t\t<div data-elementor-type=\"wp-page\" data-elementor-id=\"23\" class=\"elementor elementor-23\">\n\t\t\t\t\t\t\t\t\t<section class=\"elementor-section elementor-top-section elementor-element elementor-element-458807c elementor-section-full_width elementor-section-height-default elementor-section-height-default\" data-id=\"458807c\" data-element_type=\"section\">\n\t\t\t\t\t\t<div class=\"elementor-container elementor-column-gap-default\">\n\t\t\t\t\t<div class=\"elementor-column elementor-col-50 elementor-top-column elementor-element elementor-element-271ae92\" data-id=\"271ae92\" data-element_type=\"column\" data-settings=\"{&quot;background_background&quot;:&quot;classic&quot;}\">\n\t\t\t<div class=\"elementor-widget-wrap elementor-element-populated\">\n\t\t\t\t\t\t\t\t<div class=\"elementor-element elementor-element-8b3f2dc elementor-widget elementor-widget-heading\" data-id=\"8b3f2dc\" data-element_type=\"widget\" data-widget_type=\"heading.default\">\n\t\t\t\t<div class=\"elementor-widget-container\">\n\t\t\t<style>\/*! elementor - v3.18.0 - 20-12-2023 *\/\n.elementor-heading-title{padding:0;margin:0;line-height:1}.elementor-widget-heading .elementor-heading-title[class*=elementor-size-]>a{color:inherit;font-size:inherit;line-height:inherit}.elementor-widget-heading .elementor-heading-title.elementor-size-small{font-size:15px}.elementor-widget-heading .elementor-heading-title.elementor-size-medium{font-size:19px}.elementor-widget-heading .elementor-heading-title.elementor-size-large{font-size:29px}.elementor-widget-heading .elementor-heading-title.elementor-size-xl{font-size:39px}.elementor-widget-heading .elementor-heading-title.elementor-size-xxl{font-size:59px}<\/style><h1 class=\"elementor-heading-title elementor-size-default\">Prenons contact ! <\/h1>\t\t<\/div>\n\t\t\t\t<\/div>\n\t\t\t\t<div class=\"elementor-element elementor-element-7772b9e elementor-widget elementor-widget-text-editor\" data-id=\"7772b9e\" data-element_type=\"widget\" data-widget_type=\"text-editor.default\">\n\t\t\t\t<div class=\"elementor-widget-container\">\n\t\t\t<style>\/*! elementor - v3.18.0 - 20-12-2023 *\/\n.elementor-widget-text-editor.elementor-drop-cap-view-stacked .elementor-drop-cap{background-color:#69727d;color:#fff}.elementor-widget-text-editor.elementor-drop-cap-view-framed .elementor-drop-cap{color:#69727d;border:3px solid;background-color:transparent}.elementor-widget-text-editor:not(.elementor-drop-cap-view-default) .elementor-drop-cap{margin-top:8px}.elementor-widget-text-editor:not(.elementor-drop-cap-view-default) .elementor-drop-cap-letter{width:1em;height:1em}.elementor-widget-text-editor .elementor-drop-cap{float:left;text-align:center;line-height:1;font-size:50px}.elementor-widget-text-editor .elementor-drop-cap-letter{display:inline-block}<\/style>\t\t\t\t<p>Vous souhaitez votre illustration personnalis\u00e9e ?\u00a0<\/p><p>Contactez moi en r\u00e9pondant au formulaire pour que j&#8217;en sache plus et que l&#8217;on discute de votre projet !<\/p><p>(Je m&#8217;occupe de trouver les jeux de mots)<\/p><h3>Tarifs :<\/h3><p>&#8211; 8\u20ac par personnage<br \/>&#8211; Envoi de l&#8217;illustration par email (gratuit)<br \/>&#8211; Ou envoi par colis (point relais dans un cadre (environ 10\u20ac par cadre)<br \/>&#8211; Paiement par virement bancaire (50% \u00e0 la commande et 50% \u00e0 la r\u00e9ception)<\/p>\t\t\t\t\t\t<\/div>\n\t\t\t\t<\/div>\n\t\t\t\t\t<\/div>\n\t\t<\/div>\n\t\t\t\t<div class=\"elementor-column elementor-col-50 elementor-top-column elementor-element elementor-element-8a381d4\" data-id=\"8a381d4\" data-element_type=\"column\">\n\t\t\t<div class=\"elementor-widget-wrap elementor-element-populated\">\n\t\t\t\t\t\t\t\t<div class=\"elementor-element elementor-element-a06c314 elementor-widget elementor-widget-formidable\" data-id=\"a06c314\" data-element_type=\"widget\" data-widget_type=\"formidable.default\">\n\t\t\t\t<div class=\"elementor-widget-container\">\n\t\t\t<div class=\"frm_forms  with_frm_style frm_style_style-formidable\" id=\"frm_form_1_container\" >\n<form enctype=\"multipart\/form-data\" method=\"post\" class=\"frm-show-form \" id=\"form_contact-form\"  >\n<div class=\"frm_form_fields \">\n<fieldset>\n<legend class=\"frm_screen_reader\">Contact<\/legend>\r\n\r\n<div class=\"frm_fields_container\">\n<input type=\"hidden\" name=\"frm_action\" value=\"create\" \/>\n<input type=\"hidden\" name=\"form_id\" value=\"1\" \/>\n<input type=\"hidden\" name=\"frm_hide_fields_1\" id=\"frm_hide_fields_1\" value=\"\" \/>\n<input type=\"hidden\" name=\"form_key\" value=\"contact-form\" \/>\n<input type=\"hidden\" name=\"item_meta[0]\" value=\"\" \/>\n<input type=\"hidden\" id=\"frm_submit_entry_1\" name=\"frm_submit_entry_1\" value=\"7f30008b57\" \/><input type=\"hidden\" name=\"_wp_http_referer\" value=\"\/index.php\/wp-json\/wp\/v2\/pages\/23\" \/><div id=\"frm_field_1_container\" class=\"frm_form_field form-field  frm_required_field frm_top_container frm4 frm_first\">\r\n    <label for=\"field_qh4icy\" id=\"field_qh4icy_label\" class=\"frm_primary_label\">Nom\r\n        <span class=\"frm_required\" aria-hidden=\"true\">*<\/span>\r\n    <\/label>\r\n    <input type=\"text\" id=\"field_qh4icy\" name=\"item_meta[1]\" value=\"\"  data-reqmsg=\"Ce champ ne peut pas \u00eatre vide\" aria-required=\"true\" data-invmsg=\"Name est non valide\" aria-invalid=\"false\"  \/>\r\n    \r\n    \r\n<\/div>\n<div id=\"frm_field_3_container\" class=\"frm_form_field form-field  frm_required_field frm_top_container frm4\">\r\n    <label for=\"field_29yf4d\" id=\"field_29yf4d_label\" class=\"frm_primary_label\">Email\r\n        <span class=\"frm_required\" aria-hidden=\"true\">*<\/span>\r\n    <\/label>\r\n    <input type=\"email\" id=\"field_29yf4d\" name=\"item_meta[3]\" value=\"\"  data-reqmsg=\"Ce champ ne peut pas \u00eatre vide\" aria-required=\"true\" data-invmsg=\"Please enter a valid email address\" aria-invalid=\"false\"  \/>\r\n    \r\n    \r\n<\/div>\n<div id=\"frm_field_10_container\" class=\"frm_form_field form-field  frm_top_container frm4\">\r\n    <label for=\"field_trp3v\" id=\"field_trp3v_label\" class=\"frm_primary_label\">T\u00e9l\u00e9phone\r\n        <span class=\"frm_required\" aria-hidden=\"true\"><\/span>\r\n    <\/label>\r\n    <input type=\"tel\" id=\"field_trp3v\" name=\"item_meta[10]\" value=\"\"  data-invmsg=\"T\u00e9l\u00e9phone est non valide\" aria-invalid=\"false\" pattern=\"((\\+\\d{1,3}(-|.| )?\\(?\\d\\)?(-| |.)?\\d{1,5})|(\\(?\\d{2,6}\\)?))(-|.| )?(\\d{3,4})(-|.| )?(\\d{4})(( x| ext)\\d{1,5}){0,1}$\"  \/>\r\n    \r\n    \r\n<\/div>\n<div id=\"frm_field_7_container\" class=\"frm_form_field form-field  frm_required_field frm_top_container frm6 frm_first\">\r\n    <label for=\"field_dqw7r\" id=\"field_dqw7r_label\" class=\"frm_primary_label\">Id\u00e9e de th\u00e9matique pour votre illustration\r\n        <span class=\"frm_required\" aria-hidden=\"true\">*<\/span>\r\n    <\/label>\r\n    \t\t<select name=\"item_meta[7]\" id=\"field_dqw7r\"  data-reqmsg=\"Ce champ ne peut pas \u00eatre vide\" aria-required=\"true\" data-invmsg=\"Id\u00e9e de th\u00e9matique pour votre illustration est non valide\" aria-invalid=\"false\"  >\n\t\t<option  value=\"Animaux\">Animaux<\/option><option  value=\"For\u00eat\">For\u00eat<\/option><option  value=\"Mer \/ Plage\">Mer \/ Plage<\/option><option  value=\"Vacances\">Vacances<\/option><option  value=\"Saison\">Saison<\/option><option  value=\"Jungle\">Jungle<\/option><option  value=\"No\u00ebl\">No\u00ebl<\/option><option  value=\"Nourriture\">Nourriture<\/option><option  value=\"Autre\">Autre<\/option>\t<\/select>\n\t\r\n    \r\n    \r\n<\/div>\n<div id=\"frm_field_4_container\" class=\"frm_form_field form-field  frm_top_container frm6\">\r\n    <label for=\"field_e6lis6\" id=\"field_e6lis6_label\" class=\"frm_primary_label\">Autre th\u00e8me souhait\u00e9e de l'illustration\r\n        <span class=\"frm_required\" aria-hidden=\"true\"><\/span>\r\n    <\/label>\r\n    <input type=\"text\" id=\"field_e6lis6\" name=\"item_meta[4]\" value=\"\"  data-invmsg=\"Subject est non valide\" aria-invalid=\"false\"  \/>\r\n    \r\n    \r\n<\/div>\n<div id=\"frm_field_8_container\" class=\"frm_form_field form-field  frm_required_field frm_top_container\">\r\n    <label for=\"field_dlbkw\" id=\"field_dlbkw_label\" class=\"frm_primary_label\">Combien de personnages sur l'illustration ?\r\n        <span class=\"frm_required\" aria-hidden=\"true\">*<\/span>\r\n    <\/label>\r\n    <input type=\"number\" id=\"field_dlbkw\" name=\"item_meta[8]\" value=\"\"  data-reqmsg=\"Ce champ ne peut pas \u00eatre vide\" aria-required=\"true\" data-invmsg=\"Nombre est non valide\" aria-invalid=\"false\"   min=\"0\" max=\"10\" step=\"any\"\/>\r\n    \r\n    \r\n<\/div>\n<div id=\"frm_field_9_container\" class=\"frm_form_field form-field  frm_required_field frm_top_container\">\r\n    <label for=\"field_lc3fb\" id=\"field_lc3fb_label\" class=\"frm_primary_label\">Les pr\u00e9noms des personnages (en me disant quelle place ils occupent dans la famille ou amiti\u00e9, entreprise...)\r\n        <span class=\"frm_required\" aria-hidden=\"true\">*<\/span>\r\n    <\/label>\r\n    <textarea name=\"item_meta[9]\" id=\"field_lc3fb\" rows=\"5\"  data-reqmsg=\"Ce champ ne peut pas \u00eatre vide\" aria-required=\"true\" data-invmsg=\"Les pr\u00e9noms des personnages (en me disant quelle place ils occupent dans la famille ou amiti\u00e9, entreprise...) est non valide\" aria-invalid=\"false\"  ><\/textarea>\r\n    \r\n    \r\n<\/div>\n<div id=\"frm_field_5_container\" class=\"frm_form_field form-field  frm_top_container frm_full\">\r\n    <label for=\"field_9jv0r1\" id=\"field_9jv0r1_label\" class=\"frm_primary_label\">Toute autre remarque, question, envie de couleur ou format particulier...\r\n        <span class=\"frm_required\" aria-hidden=\"true\"><\/span>\r\n    <\/label>\r\n    <textarea name=\"item_meta[5]\" id=\"field_9jv0r1\" rows=\"5\"  data-invmsg=\"Toute autre remarque, question, envie de couleur ou format particulier... est non valide\" aria-invalid=\"false\"  ><\/textarea>\r\n    \r\n    \r\n<\/div>\n\t<input type=\"hidden\" name=\"item_key\" value=\"\" \/>\n\t\t\t\t<div class=\"frm__65b67692863ff\">\n\t\t\t\t<label for=\"frm_email_1\" >\n\t\t\t\t\tSi vous \u00eates un humain, ne remplissez pas ce champ.\t\t\t\t<\/label>\n\t\t\t\t<input  id=\"frm_email_1\" type=\"text\" class=\"frm_verify\" name=\"frm__65b67692863ff\" value=\"\" autocomplete=\"false\"  \/>\n\t\t\t<\/div>\n\t\t<div class=\"frm_submit frm_flex\">\r\n<button class=\"frm_button_submit\" type=\"submit\"  >Envoyer<\/button>\r\n\r\n\r\n\r\n<\/div><\/div>\n<\/fieldset>\n<\/div>\n<p style=\"display: none !important;\"><label>&#916;<textarea name=\"ak_hp_textarea\" cols=\"45\" rows=\"8\" maxlength=\"100\"><\/textarea><\/label><input type=\"hidden\" id=\"ak_js_1\" name=\"ak_js\" value=\"246\"\/><script>document.getElementById( \"ak_js_1\" ).setAttribute( \"value\", ( new Date() ).getTime() );<\/script><\/p><\/form>\n<\/div>\n\t\t<\/div>\n\t\t\t\t<\/div>\n\t\t\t\t\t<\/div>\n\t\t<\/div>\n\t\t\t\t\t\t\t<\/div>\n\t\t<\/section>\n\t\t\t\t<section class=\"elementor-section elementor-top-section elementor-element elementor-element-f622595 elementor-section-boxed elementor-section-height-default elementor-section-height-default\" data-id=\"f622595\" data-element_type=\"section\">\n\t\t\t\t\t\t<div class=\"elementor-container elementor-column-gap-default\">\n\t\t\t\t\t<div class=\"elementor-column elementor-col-100 elementor-top-column elementor-element elementor-element-4cc4c86\" data-id=\"4cc4c86\" data-element_type=\"column\">\n\t\t\t<div class=\"elementor-widget-wrap\">\n\t\t\t\t\t\t\t\t\t<\/div>\n\t\t<\/div>\n\t\t\t\t\t\t\t<\/div>\n\t\t<\/section>\n\t\t\t\t\t\t\t<\/div>\n\t\t","protected":false},"excerpt":{"rendered":"<p>Prenons contact ! Vous souhaitez votre illustration personnalis\u00e9e ?\u00a0 Contactez moi en r\u00e9pondant au formulaire pour que j&#8217;en sache plus et que l&#8217;on discute de votre projet ! (Je m&#8217;occupe de trouver les jeux de mots) Tarifs : &#8211; 8\u20ac par personnage&#8211; Envoi de l&#8217;illustration par email (gratuit)&#8211; Ou envoi par colis (point relais dans &#8230; <a title=\"Contact\" class=\"read-more\" href=\"https:\/\/sauce-gribouillis.com\/index.php\/contact\/\" aria-label=\"En savoir plus sur Contact\">Lire la suite<\/a><\/p>\n","protected":false},"author":1,"featured_media":0,"parent":0,"menu_order":0,"comment_status":"closed","ping_status":"closed","template":"","meta":{"footnotes":""},"class_list":["post-23","page","type-page","status-publish"],"yoast_head":"<!-- This site is optimized with the Yoast SEO plugin v21.9.1 - https:\/\/yoast.com\/wordpress\/plugins\/seo\/ -->\n<title>Contact - Sauce Gribouillis<\/title>\n<meta name=\"robots\" content=\"index, follow, max-snippet:-1, max-image-preview:large, max-video-preview:-1\" \/>\n<link rel=\"canonical\" href=\"https:\/\/sauce-gribouillis.com\/index.php\/contact\/\" \/>\n<meta property=\"og:locale\" content=\"fr_FR\" \/>\n<meta property=\"og:type\" content=\"article\" \/>\n<meta property=\"og:title\" content=\"Contact - Sauce Gribouillis\" \/>\n<meta property=\"og:description\" content=\"Prenons contact ! Vous souhaitez votre illustration personnalis\u00e9e ?\u00a0 Contactez moi en r\u00e9pondant au formulaire pour que j&#8217;en sache plus et que l&#8217;on discute de votre projet ! (Je m&#8217;occupe de trouver les jeux de mots) Tarifs : &#8211; 8\u20ac par personnage&#8211; Envoi de l&#8217;illustration par email (gratuit)&#8211; Ou envoi par colis (point relais dans ... Lire la suite\" \/>\n<meta property=\"og:url\" content=\"https:\/\/sauce-gribouillis.com\/index.php\/contact\/\" \/>\n<meta property=\"og:site_name\" content=\"Sauce Gribouillis\" \/>\n<meta property=\"article:modified_time\" content=\"2024-01-31T12:45:35+00:00\" \/>\n<meta name=\"twitter:card\" content=\"summary_large_image\" \/>\n<meta name=\"twitter:label1\" content=\"Dur\u00e9e de lecture estim\u00e9e\" \/>\n\t<meta name=\"twitter:data1\" content=\"1 minute\" \/>\n<script type=\"application\/ld+json\" class=\"yoast-schema-graph\">{\"@context\":\"https:\/\/schema.org\",\"@graph\":[{\"@type\":\"WebPage\",\"@id\":\"https:\/\/sauce-gribouillis.com\/index.php\/contact\/\",\"url\":\"https:\/\/sauce-gribouillis.com\/index.php\/contact\/\",\"name\":\"Contact - Sauce Gribouillis\",\"isPartOf\":{\"@id\":\"https:\/\/sauce-gribouillis.com\/#website\"},\"datePublished\":\"2024-01-28T14:43:21+00:00\",\"dateModified\":\"2024-01-31T12:45:35+00:00\",\"breadcrumb\":{\"@id\":\"https:\/\/sauce-gribouillis.com\/index.php\/contact\/#breadcrumb\"},\"inLanguage\":\"fr-FR\",\"potentialAction\":[{\"@type\":\"ReadAction\",\"target\":[\"https:\/\/sauce-gribouillis.com\/index.php\/contact\/\"]}]},{\"@type\":\"BreadcrumbList\",\"@id\":\"https:\/\/sauce-gribouillis.com\/index.php\/contact\/#breadcrumb\",\"itemListElement\":[{\"@type\":\"ListItem\",\"position\":1,\"name\":\"Accueil\",\"item\":\"https:\/\/sauce-gribouillis.com\/\"},{\"@type\":\"ListItem\",\"position\":2,\"name\":\"Contact\"}]},{\"@type\":\"WebSite\",\"@id\":\"https:\/\/sauce-gribouillis.com\/#website\",\"url\":\"https:\/\/sauce-gribouillis.com\/\",\"name\":\"Sauce Gribouillis\",\"description\":\"Des illustrations personnalis\u00e9es\",\"publisher\":{\"@id\":\"https:\/\/sauce-gribouillis.com\/#organization\"},\"potentialAction\":[{\"@type\":\"SearchAction\",\"target\":{\"@type\":\"EntryPoint\",\"urlTemplate\":\"https:\/\/sauce-gribouillis.com\/?s={search_term_string}\"},\"query-input\":\"required name=search_term_string\"}],\"inLanguage\":\"fr-FR\"},{\"@type\":\"Organization\",\"@id\":\"https:\/\/sauce-gribouillis.com\/#organization\",\"name\":\"Sauce Gribouillis\",\"url\":\"https:\/\/sauce-gribouillis.com\/\",\"logo\":{\"@type\":\"ImageObject\",\"inLanguage\":\"fr-FR\",\"@id\":\"https:\/\/sauce-gribouillis.com\/#\/schema\/logo\/image\/\",\"url\":\"https:\/\/sauce-gribouillis.com\/wp-content\/uploads\/2024\/01\/Logo-Sauce-Gribouillis_inverse.png\",\"contentUrl\":\"https:\/\/sauce-gribouillis.com\/wp-content\/uploads\/2024\/01\/Logo-Sauce-Gribouillis_inverse.png\",\"width\":2182,\"height\":1956,\"caption\":\"Sauce Gribouillis\"},\"image\":{\"@id\":\"https:\/\/sauce-gribouillis.com\/#\/schema\/logo\/image\/\"}}]}<\/script>\n<!-- \/ Yoast SEO plugin. -->","yoast_head_json":{"title":"Contact - Sauce Gribouillis","robots":{"index":"index","follow":"follow","max-snippet":"max-snippet:-1","max-image-preview":"max-image-preview:large","max-video-preview":"max-video-preview:-1"},"canonical":"https:\/\/sauce-gribouillis.com\/index.php\/contact\/","og_locale":"fr_FR","og_type":"article","og_title":"Contact - Sauce Gribouillis","og_description":"Prenons contact ! Vous souhaitez votre illustration personnalis\u00e9e ?\u00a0 Contactez moi en r\u00e9pondant au formulaire pour que j&#8217;en sache plus et que l&#8217;on discute de votre projet ! (Je m&#8217;occupe de trouver les jeux de mots) Tarifs : &#8211; 8\u20ac par personnage&#8211; Envoi de l&#8217;illustration par email (gratuit)&#8211; Ou envoi par colis (point relais dans ... Lire la suite","og_url":"https:\/\/sauce-gribouillis.com\/index.php\/contact\/","og_site_name":"Sauce Gribouillis","article_modified_time":"2024-01-31T12:45:35+00:00","twitter_card":"summary_large_image","twitter_misc":{"Dur\u00e9e de lecture estim\u00e9e":"1 minute"},"schema":{"@context":"https:\/\/schema.org","@graph":[{"@type":"WebPage","@id":"https:\/\/sauce-gribouillis.com\/index.php\/contact\/","url":"https:\/\/sauce-gribouillis.com\/index.php\/contact\/","name":"Contact - Sauce Gribouillis","isPartOf":{"@id":"https:\/\/sauce-gribouillis.com\/#website"},"datePublished":"2024-01-28T14:43:21+00:00","dateModified":"2024-01-31T12:45:35+00:00","breadcrumb":{"@id":"https:\/\/sauce-gribouillis.com\/index.php\/contact\/#breadcrumb"},"inLanguage":"fr-FR","potentialAction":[{"@type":"ReadAction","target":["https:\/\/sauce-gribouillis.com\/index.php\/contact\/"]}]},{"@type":"BreadcrumbList","@id":"https:\/\/sauce-gribouillis.com\/index.php\/contact\/#breadcrumb","itemListElement":[{"@type":"ListItem","position":1,"name":"Accueil","item":"https:\/\/sauce-gribouillis.com\/"},{"@type":"ListItem","position":2,"name":"Contact"}]},{"@type":"WebSite","@id":"https:\/\/sauce-gribouillis.com\/#website","url":"https:\/\/sauce-gribouillis.com\/","name":"Sauce Gribouillis","description":"Des illustrations personnalis\u00e9es","publisher":{"@id":"https:\/\/sauce-gribouillis.com\/#organization"},"potentialAction":[{"@type":"SearchAction","target":{"@type":"EntryPoint","urlTemplate":"https:\/\/sauce-gribouillis.com\/?s={search_term_string}"},"query-input":"required name=search_term_string"}],"inLanguage":"fr-FR"},{"@type":"Organization","@id":"https:\/\/sauce-gribouillis.com\/#organization","name":"Sauce Gribouillis","url":"https:\/\/sauce-gribouillis.com\/","logo":{"@type":"ImageObject","inLanguage":"fr-FR","@id":"https:\/\/sauce-gribouillis.com\/#\/schema\/logo\/image\/","url":"https:\/\/sauce-gribouillis.com\/wp-content\/uploads\/2024\/01\/Logo-Sauce-Gribouillis_inverse.png","contentUrl":"https:\/\/sauce-gribouillis.com\/wp-content\/uploads\/2024\/01\/Logo-Sauce-Gribouillis_inverse.png","width":2182,"height":1956,"caption":"Sauce Gribouillis"},"image":{"@id":"https:\/\/sauce-gribouillis.com\/#\/schema\/logo\/image\/"}}]}},"_links":{"self":[{"href":"https:\/\/sauce-gribouillis.com\/index.php\/wp-json\/wp\/v2\/pages\/23","targetHints":{"allow":["GET"]}}],"collection":[{"href":"https:\/\/sauce-gribouillis.com\/index.php\/wp-json\/wp\/v2\/pages"}],"about":[{"href":"https:\/\/sauce-gribouillis.com\/index.php\/wp-json\/wp\/v2\/types\/page"}],"author":[{"embeddable":true,"href":"https:\/\/sauce-gribouillis.com\/index.php\/wp-json\/wp\/v2\/users\/1"}],"replies":[{"embeddable":true,"href":"https:\/\/sauce-gribouillis.com\/index.php\/wp-json\/wp\/v2\/comments?post=23"}],"version-history":[{"count":37,"href":"https:\/\/sauce-gribouillis.com\/index.php\/wp-json\/wp\/v2\/pages\/23\/revisions"}],"predecessor-version":[{"id":184,"href":"https:\/\/sauce-gribouillis.com\/index.php\/wp-json\/wp\/v2\/pages\/23\/revisions\/184"}],"wp:attachment":[{"href":"https:\/\/sauce-gribouillis.com\/index.php\/wp-json\/wp\/v2\/media?parent=23"}],"curies":[{"name":"wp","href":"https:\/\/api.w.org\/{rel}","templated":true}]}}